{"id":10,"date":"2023-01-15T09:52:08","date_gmt":"2023-01-15T09:52:08","guid":{"rendered":"https:\/\/formulasurucukursu.com.tr\/?page_id=10"},"modified":"2023-05-18T14:51:06","modified_gmt":"2023-05-18T14:51:06","slug":"egitimler","status":"publish","type":"page","link":"https:\/\/formulasurucukursu.com.tr\/index.php\/egitimler\/","title":{"rendered":"E\u011fitimler"},"content":{"rendered":"\n\n\n<h2>Trafik Dersi<\/h2>\n\n\n\n\n\n\n\n\n\n\n\n\n\n\n\n\n\n\n\n\n\n\n\n<h2>\u0130lk Yard\u0131m<\/h2>\n\n\n\n\n\n\n\n\n\n\n\n\n\n\n\n<h2>Ara\u00e7 Tekni\u011fi ve Motor<\/h2>\n\n\n\n\n\n\n\n\n\n\n\n\n<h2>Sorular ve \u00c7\u00f6z\u00fcmleri<\/h2>\n\n\n\n\n<p>Trafik Sorular ve \u00c7\u00f6z\u00fcmleri<\/p>\n\n\n\n<p>\u0130lk Yard\u0131m Sorular ve \u00c7\u00f6z\u00fcmleri<\/p>\n\n\n\nAra\u00e7 Tekni\u011fi ve Motor Sorular ve \u00c7\u00f6z\u00fcmleri\n\n\n\n\n\n<h2>\u00c7\u0131km\u0131\u015f Sorular<\/h2>\n\n\n\n\n\n\n\n\n\n\n\n\n\n\n\n\n\n\n\n\n\n\n\n\n\n\n\n<h2>Trafik<\/h2>\n<h2>\u0130lk Yard\u0131m<\/h2>\n<h2>Ara\u00e7 Tekni\u011fi ve Motor<\/h2>\n\n\n","protected":false},"excerpt":{"rendered":"","protected":false},"author":1,"featured_media":0,"parent":0,"menu_order":0,"comment_status":"closed","ping_status":"closed","template":"","meta":{"footnotes":""},"class_list":["post-10","page","type-page","status-publish","hentry"],"_links":{"self":[{"href":"https:\/\/formulasurucukursu.com.tr\/index.php\/wp-json\/wp\/v2\/pages\/10","targetHints":{"allow":["GET"]}}],"collection":[{"href":"https:\/\/formulasurucukursu.com.tr\/index.php\/wp-json\/wp\/v2\/pages"}],"about":[{"href":"https:\/\/formulasurucukursu.com.tr\/index.php\/wp-json\/wp\/v2\/types\/page"}],"author":[{"embeddable":true,"href":"https:\/\/formulasurucukursu.com.tr\/index.php\/wp-json\/wp\/v2\/users\/1"}],"replies":[{"embeddable":true,"href":"https:\/\/formulasurucukursu.com.tr\/index.php\/wp-json\/wp\/v2\/comments?post=10"}],"version-history":[{"count":26,"href":"https:\/\/formulasurucukursu.com.tr\/index.php\/wp-json\/wp\/v2\/pages\/10\/revisions"}],"predecessor-version":[{"id":248,"href":"https:\/\/formulasurucukursu.com.tr\/index.php\/wp-json\/wp\/v2\/pages\/10\/revisions\/248"}],"wp:attachment":[{"href":"https:\/\/formulasurucukursu.com.tr\/index.php\/wp-json\/wp\/v2\/media?parent=10"}],"curies":[{"name":"wp","href":"https:\/\/api.w.org\/{rel}","templated":true}]}}