{"id":107,"date":"2023-01-17T07:36:19","date_gmt":"2023-01-17T07:36:19","guid":{"rendered":"https:\/\/formulasurucukursu.com.tr\/?page_id=107"},"modified":"2023-05-29T13:41:56","modified_gmt":"2023-05-29T13:41:56","slug":"kurumsal","status":"publish","type":"page","link":"https:\/\/formulasurucukursu.com.tr\/index.php\/kurumsal\/","title":{"rendered":"Kurumsal"},"content":{"rendered":"\n\n\n\n<p>Formula Hakk\u0131nda<\/p>\n\n\n\n\n\n\n\n\n\n\n\n\n\n\n\n\n\n\n\n\n\n\n\n\n\n\n<p style=\"text-align: right; \"><span style=\"font-size: 20px; color: rgb(255, 255, 255);\"><strong style=\"line-height: 1;\">LOREM CORPORATE CEO<\/strong><\/span><\/p><p style=\"text-align: center;\"><span style=\"color: rgb(255, 255, 255);\">Duis aute irure dolor in reprehenderit in voluptate velit esse cillum dolore eu fugiat nulla pariatur. Excepteur sint occaecat cupidatat non proident, sunt in culpa qui officia deserunt mollit anim id est laborum.<\/span><\/p><p style=\"text-align: left;\"><sign>\u00a0 \u00a0 \u00a0 <span style=\"line-height: 2.0;\">Benn Marshall<\/span><\/sign><\/p>\n\n\n<h2>20 y\u0131ld\u0131r trafikte g\u00fcvenle<\/h2>\n<pr>2003 y\u0131l\u0131nda Kartal So\u011fanl\u0131kta i\u015fletmeye ba\u015flad\u0131\u011f\u0131m\u0131z Formula S\u00fcr\u00fcc\u00fc Kursuna, Kartal Kurfal\u0131 sonras\u0131nda Kartal Esentepe, Maltepe F\u0131nd\u0131kl\u0131, Maltepe Merkez, Maltepe Cevizli ve Pendik SRC kursu olmak \u00fczere a\u00e7\u0131lan yeni \u015fubeleriyle e\u011fitim sekt\u00f6r\u00fcne hizmet vermeye devam etmekteyiz.<\/pr>\n<h5>Kursumuz sekt\u00f6r\u00fcnde \u00f6nc\u00fc olman\u0131n yan\u0131 s\u0131ra, t\u00fcm \u00f6zel kurslar gibi Milli E\u011fitim Bakanl\u0131\u011f\u0131&#8217;n\u0131n denetim ve g\u00f6zetimi alt\u0131nda hizmet vermektedir. Her y\u0131l d\u00fczenli olarak yap\u0131lan etkinlikler ile topluma bilin\u00e7li s\u00fcr\u00fcc\u00fc olma konusunda destek vermektedir.<\/h5>\n<h6>\n\n\n\n\n\n\n\n\n\n\n\n\n\n\n\n\n\n\n\n\n\n\n\n\n<\/h6><h6>Kursumuzda B (Manuel ve Otomatik vites) A1-A2-A (motosiklet) B\/D (otob\u00fcs) s\u0131n\u0131flar\u0131 s\u00fcr\u00fcc\u00fc belgeleri ve t\u00fcm SRC belgeleri al\u0131nabilmesi i\u00e7in sertifika verilmektedir.<\/h6>\n\n\n\n\n\n\n<h2>Nas\u0131l \u00c7al\u0131\u015f\u0131r\u0131z?<\/h2>\n\n\n\n\n<p>Kurslar\u0131m\u0131zda 20&#8217;\u015fer ve 30&#8217;ar ki\u015filik klimal\u0131 ve do\u011fal gazl\u0131 s\u0131n\u0131flarda, profesyonel ve uzman bir kadro taraf\u0131ndan verilen e\u011fitim ile &#8220;bilin\u00e7li s\u00fcr\u00fcc\u00fcler&#8221; yeti\u015ftirmek amac\u0131yla hizmet etmekte ve bu ama\u00e7 \u0131\u015f\u0131\u011f\u0131nda hi\u00e7bir fedakarl\u0131ktan ka\u00e7\u0131n\u0131lmamaktad\u0131r.<\/p>\n<p>S\u0131nav sonu\u00e7lar\u0131nda y\u00fcksek bir ba\u015far\u0131 oran\u0131n\u0131 yakalayan kursumuz adaylar\u0131na son teknolojik imkanlarla e\u011fitim vermeyi ilke edinmi\u015ftir. Kursumuz bireylerin trafik davran\u0131\u015f\u0131n\u0131 hem yasal hem de ahlaki bir g\u00f6rev olarak benimseyen s\u00fcr\u00fcc\u00fc adaylar\u0131 yeti\u015ftirmeyi en \u00f6ncelikli hedefi olarak g\u00f6rmektedir.<\/p>\n<h2>Vizyonumuz<\/h2>\n\n\n\n\n\n<p>20 ve 30&#8217;ar gruplarda uzman e\u011fitmen kadrosu ile trafik kurallar\u0131n\u0131n bilincinde s\u00fcr\u00fcc\u00fcler yeti\u015ftirmek hedeflenmi\u015ftir.<\/p>\n\n\n\n<p>S\u0131nav sonu\u00e7lar\u0131nda y\u00fcksek ba\u015far\u0131 oran\u0131 yakalayarak, adaylar\u0131na son teknolojik imkanlarla e\u011fitim vermeyi ilke edinmek ama\u00e7lam\u0131\u015ft\u0131r.<\/p>\n\n\n\n<p>\u00d6\u011frenci memnuniyetini, klasik kurs ortam\u0131ndan uzak, g\u00fcler y\u00fczl\u00fc ve samimi e\u011fitimi sa\u011flamay\u0131 ilke edinmi\u015ftir.<\/p>\n\n\n\n\n<p style=\"text-align: center;\"><strong>Formula Motorlu Ta\u015f\u0131tlar S\u00fcr\u00fcc\u00fc Kurslar\u0131, Kompedan \u0130n\u015f. E\u011ft. San. Tic. Ltd. \u015eti. &#8216;nin alt kurulu\u015fudur.<\/strong><\/p>\n\n\n","protected":false},"excerpt":{"rendered":"","protected":false},"author":1,"featured_media":0,"parent":0,"menu_order":0,"comment_status":"closed","ping_status":"closed","template":"","meta":{"footnotes":""},"class_list":["post-107","page","type-page","status-publish","hentry"],"_links":{"self":[{"href":"https:\/\/formulasurucukursu.com.tr\/index.php\/wp-json\/wp\/v2\/pages\/107","targetHints":{"allow":["GET"]}}],"collection":[{"href":"https:\/\/formulasurucukursu.com.tr\/index.php\/wp-json\/wp\/v2\/pages"}],"about":[{"href":"https:\/\/formulasurucukursu.com.tr\/index.php\/wp-json\/wp\/v2\/types\/page"}],"author":[{"embeddable":true,"href":"https:\/\/formulasurucukursu.com.tr\/index.php\/wp-json\/wp\/v2\/users\/1"}],"replies":[{"embeddable":true,"href":"https:\/\/formulasurucukursu.com.tr\/index.php\/wp-json\/wp\/v2\/comments?post=107"}],"version-history":[{"count":19,"href":"https:\/\/formulasurucukursu.com.tr\/index.php\/wp-json\/wp\/v2\/pages\/107\/revisions"}],"predecessor-version":[{"id":268,"href":"https:\/\/formulasurucukursu.com.tr\/index.php\/wp-json\/wp\/v2\/pages\/107\/revisions\/268"}],"wp:attachment":[{"href":"https:\/\/formulasurucukursu.com.tr\/index.php\/wp-json\/wp\/v2\/media?parent=107"}],"curies":[{"name":"wp","href":"https:\/\/api.w.org\/{rel}","templated":true}]}}