{"id":11,"date":"2023-01-15T09:52:08","date_gmt":"2023-01-15T09:52:08","guid":{"rendered":"https:\/\/formulasurucukursu.com.tr\/?page_id=11"},"modified":"2023-05-23T15:37:00","modified_gmt":"2023-05-23T15:37:00","slug":"kurs-donemleri","status":"publish","type":"page","link":"https:\/\/formulasurucukursu.com.tr\/index.php\/kurs-donemleri\/","title":{"rendered":"Kurs A\u015famalar\u0131"},"content":{"rendered":"\n\n\n\n\n\n\n<h2><font style=\"vertical-align: inherit;\"><font style=\"vertical-align: inherit;\">1.Ad\u0131m &#8211; Kay\u0131t<\/font><\/font><\/h2>\n<p>Size en yak\u0131n olan \u015fubemize gelin ve ad\u0131n\u0131za kay\u0131t olu\u015ftural\u0131m.<\/p>\n<h2><font style=\"vertical-align: inherit;\"><font style=\"vertical-align: inherit;\">2.Ad\u0131m &#8211; \u00d6deme<\/font><\/font><\/h2>\n<p>Sizinle anla\u015ft\u0131\u011f\u0131m\u0131z \u015fekilde taksitli veya nakit olarak \u00f6demenizi yap\u0131n.<\/p>\n<h2><font style=\"vertical-align: inherit;\"><font style=\"vertical-align: inherit;\">3.Ad\u0131m &#8211; S\u0131navlar ve E\u011fitim<\/font><\/font><\/h2>\n<h4><font style=\"vertical-align: inherit;\"><font style=\"vertical-align: inherit;\">E-S\u0131nav A\u015famas\u0131<\/font><\/font><\/h4>\n\n<font style=\"padding: 0px; margin: 0px; overflow-wrap: break-word; vertical-align: inherit;\"><font style=\"padding: 0px; margin: 0px; overflow-wrap: break-word; vertical-align: inherit;\"><font style=\"vertical-align: inherit;\"><font style=\"vertical-align: inherit;\"><font style=\"vertical-align: inherit;\"><font style=\"vertical-align: inherit;\">Kurslar\u0131m\u0131zdaki y\u00fcz y\u00fcze e\u011fitimden sonra E-S\u0131nav harc\u0131 \u00f6denir ve E-S\u0131nav i\u00e7in randevu al\u0131n\u0131r.<\/font><\/font><\/font><\/font><\/font><\/font><br>\n<font style=\"padding: 0px; margin: 0px; overflow-wrap: break-word; vertical-align: inherit;\"><font style=\"padding: 0px; margin: 0px; overflow-wrap: break-word; vertical-align: inherit;\"><font style=\"vertical-align: inherit;\"><font style=\"vertical-align: inherit;\">S\u0131navda trafik, ilk yard\u0131m ve motor konular\u0131ndan 50 adet olmak \u00fczere karma sorular sorulur. <\/font><font style=\"vertical-align: inherit;\">Milli E\u011fitim Bakanl\u0131\u011f\u0131&#8217;n\u0131n belirledi\u011fi okullarda elektronik sistem \u00fczerinden sorular cevapland\u0131r\u0131l\u0131r<\/font><\/font><\/font><\/font><font style=\"padding: 0px; margin: 0px; overflow-wrap: break-word; background-color: transparent; vertical-align: inherit;\"><font style=\"vertical-align: inherit;\"><font style=\"vertical-align: inherit;\">.<\/font><\/font><\/font><br>\n<font style=\"background-color: transparent; padding: 0px; margin: 0px; overflow-wrap: break-word; vertical-align: inherit;\"><font style=\"vertical-align: inherit;\"><font style=\"vertical-align: inherit;\">E-S\u0131nav&#8217;a 4 kat\u0131lma hakk\u0131 bulunur.&nbsp;<\/font><\/font><\/font><font style=\"background-color: transparent; padding: 0px; margin: 0px; overflow-wrap: break-word; vertical-align: inherit;\"><font style=\"vertical-align: inherit;\"><font style=\"vertical-align: inherit;\">S\u0131navda 70 puan ve \u00fcst\u00fc ba\u015far\u0131l\u0131 olarak kabul edilir.<\/font><\/font><\/font><br>\n\n<p><font style=\"vertical-align: inherit;\"><font style=\"vertical-align: inherit;\">*E-S\u0131nava ilk defa ehliyet alacak olan adaylar girer. \u00d6nceden<\/font><font style=\"vertical-align: inherit;\">&nbsp;ehliyeti bulunan adaylar\u0131m\u0131z sadece uygulama a\u015famas\u0131ndan sorumludur.<\/font><\/font><\/p>\n<h4><font style=\"vertical-align: inherit;\"><font style=\"vertical-align: inherit;\">Uygulama A\u015famas\u0131<\/font><\/font><\/h4>\n\n<font style=\"vertical-align: inherit;\"><font style=\"vertical-align: inherit;\">Sizinle anla\u015ft\u0131\u011f\u0131m\u0131z tarih ve saatlerde uygulama e\u011fitimleri tamamlan\u0131r.<\/font><\/font>\n<font style=\"vertical-align: inherit;\"><font style=\"vertical-align: inherit;\">Uygulama S\u0131nav\u0131 harc\u0131 yat\u0131r\u0131l\u0131r ve MEB taraf\u0131ndan s\u0131nav tarihi ve saati belirlenir.<\/font><\/font>\nUygulama s\u0131nav\u0131na 4 defa kat\u0131lma hakk\u0131n\u0131z vard\u0131r. Ba\u015far\u0131l\u0131 olan adaylar\u0131m\u0131z\u0131n sertifikas\u0131 olu\u015fturulur.\n\n<h2><font style=\"vertical-align: inherit;\"><font style=\"vertical-align: inherit;\">4.Son Ad\u0131m<\/font><\/font><\/h2>\n<p>N\u00fcfus ve Vatanda\u015fl\u0131k \u0130\u015fleri Genel M\u00fcd\u00fcrl\u00fc\u011f\u00fc&#8217;nden randevu al\u0131n\u0131r ve sertifika ehliyete d\u00f6n\u00fc\u015ft\u00fcr\u00fcl\u00fcr. Tebrikler trafi\u011fe \u00e7\u0131kabilirsiniz&#8230;<\/p>\n\n\n","protected":false},"excerpt":{"rendered":"","protected":false},"author":1,"featured_media":0,"parent":0,"menu_order":0,"comment_status":"closed","ping_status":"closed","template":"","meta":{"footnotes":""},"class_list":["post-11","page","type-page","status-publish","hentry"],"_links":{"self":[{"href":"https:\/\/formulasurucukursu.com.tr\/index.php\/wp-json\/wp\/v2\/pages\/11","targetHints":{"allow":["GET"]}}],"collection":[{"href":"https:\/\/formulasurucukursu.com.tr\/index.php\/wp-json\/wp\/v2\/pages"}],"about":[{"href":"https:\/\/formulasurucukursu.com.tr\/index.php\/wp-json\/wp\/v2\/types\/page"}],"author":[{"embeddable":true,"href":"https:\/\/formulasurucukursu.com.tr\/index.php\/wp-json\/wp\/v2\/users\/1"}],"replies":[{"embeddable":true,"href":"https:\/\/formulasurucukursu.com.tr\/index.php\/wp-json\/wp\/v2\/comments?post=11"}],"version-history":[{"count":7,"href":"https:\/\/formulasurucukursu.com.tr\/index.php\/wp-json\/wp\/v2\/pages\/11\/revisions"}],"predecessor-version":[{"id":266,"href":"https:\/\/formulasurucukursu.com.tr\/index.php\/wp-json\/wp\/v2\/pages\/11\/revisions\/266"}],"wp:attachment":[{"href":"https:\/\/formulasurucukursu.com.tr\/index.php\/wp-json\/wp\/v2\/media?parent=11"}],"curies":[{"name":"wp","href":"https:\/\/api.w.org\/{rel}","templated":true}]}}