{"id":12,"date":"2023-01-15T09:52:08","date_gmt":"2023-01-15T09:52:08","guid":{"rendered":"https:\/\/formulasurucukursu.com.tr\/?page_id=12"},"modified":"2023-01-20T15:12:43","modified_gmt":"2023-01-20T15:12:43","slug":"kayit-bilgisi","status":"publish","type":"page","link":"https:\/\/formulasurucukursu.com.tr\/index.php\/kayit-bilgisi\/","title":{"rendered":"Kay\u0131t Bilgisi"},"content":{"rendered":"\n\n\n<h2>Gerekli Belgeler &#8211; T.C. Vatanda\u015f\u0131 Olanlar;<\/h2>\n<p>1-Kimlik Fotokopisi<br>2-\u00d6\u011frenci Belgesi veya Diploma<br>3-Adli Sicil Kayd\u0131<br>4-Sa\u011fl\u0131k Raporu<br>5-\u0130ki Adet Biyometrik Foto\u011fraf<br>6-Kan Grubu Kart\u0131 (Ehliyet al\u0131rken gerekli)<\/p>\n\n\n\n\n\n\n\n<h2>Gerekli Belgeler &#8211; Yabanc\u0131 Uyruklular \u0130\u00e7in;<\/h2>\n<p>1-Pasaport veya \u0130kametgah Tezkeresi<br>2-\u00d6\u011frenci Belgesi veya Diploma&#8217;ya Ait Milli E\u011fitim M\u00fcd\u00fcrl\u00fc\u011f\u00fcnden Al\u0131nan Denklik Belgesi<br>3-Adli Sicil Kayd\u0131<br>4-Sa\u011fl\u0131k Raporu<br>5-\u0130ki Adet Biyometrik Foto\u011fraf<br>6-Kan Grubu Kart\u0131 (Ehliyet al\u0131rken gerekli)<\/p>\n\n\n\n\n\n\n\n\n\n\n","protected":false},"excerpt":{"rendered":"","protected":false},"author":1,"featured_media":0,"parent":0,"menu_order":0,"comment_status":"closed","ping_status":"closed","template":"","meta":{"footnotes":""},"class_list":["post-12","page","type-page","status-publish","hentry"],"_links":{"self":[{"href":"https:\/\/formulasurucukursu.com.tr\/index.php\/wp-json\/wp\/v2\/pages\/12","targetHints":{"allow":["GET"]}}],"collection":[{"href":"https:\/\/formulasurucukursu.com.tr\/index.php\/wp-json\/wp\/v2\/pages"}],"about":[{"href":"https:\/\/formulasurucukursu.com.tr\/index.php\/wp-json\/wp\/v2\/types\/page"}],"author":[{"embeddable":true,"href":"https:\/\/formulasurucukursu.com.tr\/index.php\/wp-json\/wp\/v2\/users\/1"}],"replies":[{"embeddable":true,"href":"https:\/\/formulasurucukursu.com.tr\/index.php\/wp-json\/wp\/v2\/comments?post=12"}],"version-history":[{"count":6,"href":"https:\/\/formulasurucukursu.com.tr\/index.php\/wp-json\/wp\/v2\/pages\/12\/revisions"}],"predecessor-version":[{"id":142,"href":"https:\/\/formulasurucukursu.com.tr\/index.php\/wp-json\/wp\/v2\/pages\/12\/revisions\/142"}],"wp:attachment":[{"href":"https:\/\/formulasurucukursu.com.tr\/index.php\/wp-json\/wp\/v2\/media?parent=12"}],"curies":[{"name":"wp","href":"https:\/\/api.w.org\/{rel}","templated":true}]}}