{"id":14,"date":"2023-01-15T09:52:08","date_gmt":"2023-01-15T09:52:08","guid":{"rendered":"https:\/\/formulasurucukursu.com.tr\/?page_id=14"},"modified":"2023-06-12T11:50:27","modified_gmt":"2023-06-12T11:50:27","slug":"iletisim","status":"publish","type":"page","link":"https:\/\/formulasurucukursu.com.tr\/index.php\/iletisim\/","title":{"rendered":"\u0130leti\u015fim"},"content":{"rendered":"\n<p><br><\/p>\n\n\n<iframe src=\"https:\/\/www.google.com\/maps\/embed?pb=!1m14!1m8!1m3!1d732.287129096087!2d29.19482236897728!3d40.91620416780024!3m2!1i1024!2i768!4f13.1!3m3!1m2!1s0x0%3A0xedef7ab559c5c4af!2zRm9ybXVsYSBTw7xyw7xjw7wgS3Vyc3U!5e0!3m2!1str!2str!4v1674293371164!5m2!1str!2str\" width=\"600\" height=\"450\" style=\"border:0;\" allowfullscreen=\"\" loading=\"lazy\" referrerpolicy=\"no-referrer-when-downgrade\"><\/iframe>\n\n\n<h2>So\u011fanl\u0131k \u015eubesi<\/h2>\n\n<p>So\u011fanl\u0131k Yeni Mahalle Atat\u00fcrk Caddesi No:31\/A<\/p>\n<p>KARTAL\/\u0130STANBUL<\/p>\n\n<p>0216 451 80 02<br>0532 478 19 41<br>0532 216 05 22<\/p>\n\n\n<iframe src=\"https:\/\/www.google.com\/maps\/embed?pb=!1m18!1m12!1m3!1d1507.801248764354!2d29.226441899575097!3d40.9025336749498!2m3!1f0!2f0!3f0!3m2!1i1024!2i768!4f13.1!3m3!1m2!1s0x14cac5e977513273%3A0xda88ddc527a318a4!2zRm9ybXVsYSBTw7xyw7xjw7wgS3Vyc3U!5e0!3m2!1str!2str!4v1674296127237!5m2!1str!2str\" width=\"600\" height=\"450\" style=\"border:0;\" allowfullscreen=\"\" loading=\"lazy\" referrerpolicy=\"no-referrer-when-downgrade\"><\/iframe>\n\n\n<h2>Kurfal\u0131 \u015eubesi<\/h2>\n\n<p>H\u00fcrriyet Mahallesi Adanan Kahveci Caddesi No:99\/A<\/p>\n<p>KARTAL\/\u0130STANBUL<\/p>\n\n<p>0216 451 80 01<br>0532 647 40 41<br>0532 396 25 13<\/p>\n\n\n\n\n<iframe src=\"https:\/\/www.google.com\/maps\/embed?pb=!1m18!1m12!1m3!1d7170.592342787551!2d29.133457085704194!3d40.918756292603895!2m3!1f0!2f0!3f0!3m2!1i1024!2i768!4f13.1!3m3!1m2!1s0x14cac7b1bf0a994d%3A0x3abe26ffde33a368!2zRk9STVVMQSBTw5xSw5xDw5wgS1VSU1U!5e0!3m2!1str!2str!4v1674313418960!5m2!1str!2str\" width=\"600\" height=\"450\" style=\"border:0;\" allowfullscreen=\"\" loading=\"lazy\" referrerpolicy=\"no-referrer-when-downgrade\"><\/iframe>\n\n\n<h2>Maltepe \u015eubesi<\/h2>\n\n<p>Ba\u011flarba\u015f\u0131 Mahallesi Ba\u011fdat Caddesi No:136\/1<\/p>\n<p>MALTEPE\/\u0130STANBUL<\/p>\n\n<p>0216 451 80 04<br>0552 791 80 04<br>0552 792 80 04<\/p>\n\n\n<iframe src=\"https:\/\/www.google.com\/maps\/embed?pb=!1m18!1m12!1m3!1d24119.476286158206!2d29.12004593753322!3d40.917181240734145!2m3!1f0!2f0!3f0!3m2!1i1024!2i768!4f13.1!3m3!1m2!1s0x14cac5b4b6e6c2b1%3A0x469a325ebd7e69a2!2zw5ZaRUwgRk9STVVMQSBDRVbEsFpMxLAgU8OcUsOcQ8OcIEtVUlNV!5e0!3m2!1str!2str!4v1674313910991!5m2!1str!2str\" width=\"600\" height=\"450\" style=\"border:0;\" allowfullscreen=\"\" loading=\"lazy\" referrerpolicy=\"no-referrer-when-downgrade\"><\/iframe>\n\n\n<h2>Cevizli \u015eubesi<\/h2>\n\n<p>Cevizli Mahallesi Ba\u011fdat Caddesi No:543\/39<\/p>\n<p>MALTEPE\/\u0130STANBUL<\/p>\n\n<p>0216 451 80 08<br>0501 361 80 00<br>0501 341 80 00<\/p>\n\n\n\n\n<iframe src=\"https:\/\/www.google.com\/maps\/embed?pb=!1m18!1m12!1m3!1d753.8590919980019!2d29.190633603306495!3d40.90617709164297!2m3!1f0!2f0!3f0!3m2!1i1024!2i768!4f13.1!3m3!1m2!1s0x14cac5b762bc7b1f%3A0x6f0f35a39a284243!2zRXNlbnRlcGUgRm9ybXVsYSBTw7xyw7xjw7wgS3Vyc3U!5e0!3m2!1str!2str!4v1684404024694!5m2!1str!2str\" width=\"600\" height=\"450\" style=\"border:0;\" allowfullscreen=\"\" loading=\"lazy\" referrerpolicy=\"no-referrer-when-downgrade\"><\/iframe>\n\n\n<h2>Esentepe \u015eubesi<\/h2>\n\n<p>Esentepe Mahallesi Toros Caddesi No:3A<\/p>\n<p>KARTAL\/\u0130STANBUL<\/p>\n\n<p><font style=\"vertical-align: inherit;\"><font style=\"vertical-align: inherit;\">0216 451 80 07<\/font><\/font><br><font style=\"vertical-align: inherit;\"><font style=\"vertical-align: inherit;\">0501 267 80 07<br>0501 266 80 07<\/font><\/font><\/p>\n\n\n<iframe src=\"https:\/\/www.google.com\/maps\/embed?pb=!1m18!1m12!1m3!1d1595.814139974432!2d29.124221842736937!3d40.97062022014787!2m3!1f0!2f0!3f0!3m2!1i1024!2i768!4f13.1!3m3!1m2!1s0x14cac74f6349f461%3A0x2cca67288573d3ff!2zw5ZaRUwgRk9STVVMQSBGSU5ESUtMSSBTw5xSw5xDw5wgS1VSU1U!5e0!3m2!1str!2str!4v1676382327545!5m2!1str!2str\" width=\"600\" height=\"450\" style=\"border:0;\" allowfullscreen=\"\" loading=\"lazy\" referrerpolicy=\"no-referrer-when-downgrade\"><\/iframe>\n\n\n<h2>F\u0131nd\u0131kl\u0131 \u015eubesi<\/h2>\n\n<p>F\u0131nd\u0131kl\u0131 Mahallesi Atat\u00fcrk Caddesi No:18A<\/p>\n<p>MALTEPE\/\u0130STANBUL<\/p>\n\n<p>0216 451 80 05<br>0532 349 72 91<br>0532 349 72 95<\/p>\n\n\n\n\n<iframe src=\"https:\/\/www.google.com\/maps\/embed?pb=!1m18!1m12!1m3!1d753.9931738753469!2d29.22766134281956!3d40.8944138345961!2m3!1f0!2f0!3f0!3m2!1i1024!2i768!4f13.1!3m3!1m2!1s0x14cac4ac3f6c7e53%3A0x48a5a38798c4b479!2zWWXFn2lsYmHEn2xhciwgS2FwdGFuIFNrLiBObzoyMSwgMzQ4OTMgUGVuZGlrL8Swc3RhbmJ1bA!5e0!3m2!1str!2str!4v1676382533320!5m2!1str!2str\" width=\"600\" height=\"450\" style=\"border:0;\" allowfullscreen=\"\" loading=\"lazy\" referrerpolicy=\"no-referrer-when-downgrade\"><\/iframe>\n\n\n<h2>SRC Ofisi<\/h2>\n\n<p>Ye\u015filba\u011flar Mahallesi Kaptan Sokak No:21\/4<\/p>\n<p>PEND\u0130K\/\u0130STANBUL<\/p>\n\n<p>0216 451 80 03<br>0554 968 80 03<\/p>\n\n\n\n\n\n\n","protected":false},"excerpt":{"rendered":"","protected":false},"author":1,"featured_media":0,"parent":0,"menu_order":1,"comment_status":"closed","ping_status":"closed","template":"","meta":{"footnotes":""},"class_list":["post-14","page","type-page","status-publish","hentry"],"_links":{"self":[{"href":"https:\/\/formulasurucukursu.com.tr\/index.php\/wp-json\/wp\/v2\/pages\/14","targetHints":{"allow":["GET"]}}],"collection":[{"href":"https:\/\/formulasurucukursu.com.tr\/index.php\/wp-json\/wp\/v2\/pages"}],"about":[{"href":"https:\/\/formulasurucukursu.com.tr\/index.php\/wp-json\/wp\/v2\/types\/page"}],"author":[{"embeddable":true,"href":"https:\/\/formulasurucukursu.com.tr\/index.php\/wp-json\/wp\/v2\/users\/1"}],"replies":[{"embeddable":true,"href":"https:\/\/formulasurucukursu.com.tr\/index.php\/wp-json\/wp\/v2\/comments?post=14"}],"version-history":[{"count":21,"href":"https:\/\/formulasurucukursu.com.tr\/index.php\/wp-json\/wp\/v2\/pages\/14\/revisions"}],"predecessor-version":[{"id":275,"href":"https:\/\/formulasurucukursu.com.tr\/index.php\/wp-json\/wp\/v2\/pages\/14\/revisions\/275"}],"wp:attachment":[{"href":"https:\/\/formulasurucukursu.com.tr\/index.php\/wp-json\/wp\/v2\/media?parent=14"}],"curies":[{"name":"wp","href":"https:\/\/api.w.org\/{rel}","templated":true}]}}