{"id":2,"date":"2023-01-15T09:10:23","date_gmt":"2023-01-15T09:10:23","guid":{"rendered":"https:\/\/formulasurucukursu.com.tr\/?page_id=2"},"modified":"2023-06-12T11:50:18","modified_gmt":"2023-06-12T11:50:18","slug":"ana-sayfa","status":"publish","type":"page","link":"https:\/\/formulasurucukursu.com.tr\/","title":{"rendered":"Ana Sayfa"},"content":{"rendered":"\n\n\n\n\n\n\n\n\n<h2>B SINIFI<\/h2>\n\n\n\n<h2>A\/A1\/A2 SINIFI<\/h2>\n\n\n\n<h2>F SINIFI<\/h2>\n\n\n\n<h2>D SINIFI<\/h2>\n\n\n\n<h2>\u00d6ZEL DERS<\/h2>\n\n\n\n\n\n\n\n\n\n\n\n\n\n\n\n\n\n\n\n\n\n\n\n\n\n\n\n\n\n\n\n<p style=\"text-align: right; \"><span style=\"font-size: 20px; color: rgb(255, 255, 255);\"><strong style=\"line-height: 1;\">LOREM CORPORATE CEO<\/strong><\/span><\/p><p style=\"text-align: center;\"><span style=\"color: rgb(255, 255, 255);\">Duis aute irure dolor in reprehenderit in voluptate velit esse cillum dolore eu fugiat nulla pariatur. Excepteur sint occaecat cupidatat non proident, sunt in culpa qui officia deserunt mollit anim id est laborum.<\/span><\/p><p style=\"text-align: left;\"><sign>\u00a0 \u00a0 \u00a0 <span style=\"line-height: 2.0;\">Benn Marshall<\/span><\/sign><\/p>\n\n\n<p><span style=\"color:#000000;\">&nbsp;Bilin\u00e7li s\u00fcr\u00fcc\u00fc hedefimiz!<\/span><\/p>\n<p><br><\/p>\n<p>&nbsp;\u00dclkemizin maddi ve manevi b\u00fcy\u00fck zararlar g\u00f6rd\u00fc\u011f\u00fc trafik kazalar\u0131n\u0131n en aza indirilmesi konusunda kursumuz, ba\u015flatt\u0131\u011f\u0131 e\u011fitim seferberli\u011fi ile bilin\u00e7li s\u00fcr\u00fcc\u00fcler yeti\u015ftirilmesine katk\u0131 sa\u011flamaktad\u0131r.<\/p>\n<p>Formula S\u00fcr\u00fcc\u00fc Kursu gelecek e\u011fitim \u00f6\u011fretim d\u00f6neminde ilk ve orta \u00f6\u011fretim okullar\u0131nda trafik bilincinin yeti\u015ftirilmesi i\u00e7in ; \u00fccretsiz trafik e\u011fitimi, seminerler, bro\u015f\u00fcr, kitap\u00e7\u0131k, CD gibi e\u011fitim materyalleriyle hizmet etmektedir<\/p>\n<p>&nbsp;<br>&nbsp;<br><\/p>\n\n\n\n\n\n\n<h6 style=\"text-align: right; font-family: &quot;Times New Roman&quot;;\">Tasar\u0131m H. \u0130brahim ULUD<span style=\"font-family:Times New Roman;\"><\/span>A\u011e<\/h6>\n\n\n","protected":false},"excerpt":{"rendered":"","protected":false},"author":1,"featured_media":0,"parent":0,"menu_order":0,"comment_status":"closed","ping_status":"closed","template":"","meta":{"footnotes":""},"class_list":["post-2","page","type-page","status-publish","hentry"],"_links":{"self":[{"href":"https:\/\/formulasurucukursu.com.tr\/index.php\/wp-json\/wp\/v2\/pages\/2","targetHints":{"allow":["GET"]}}],"collection":[{"href":"https:\/\/formulasurucukursu.com.tr\/index.php\/wp-json\/wp\/v2\/pages"}],"about":[{"href":"https:\/\/formulasurucukursu.com.tr\/index.php\/wp-json\/wp\/v2\/types\/page"}],"author":[{"embeddable":true,"href":"https:\/\/formulasurucukursu.com.tr\/index.php\/wp-json\/wp\/v2\/users\/1"}],"replies":[{"embeddable":true,"href":"https:\/\/formulasurucukursu.com.tr\/index.php\/wp-json\/wp\/v2\/comments?post=2"}],"version-history":[{"count":35,"href":"https:\/\/formulasurucukursu.com.tr\/index.php\/wp-json\/wp\/v2\/pages\/2\/revisions"}],"predecessor-version":[{"id":264,"href":"https:\/\/formulasurucukursu.com.tr\/index.php\/wp-json\/wp\/v2\/pages\/2\/revisions\/264"}],"wp:attachment":[{"href":"https:\/\/formulasurucukursu.com.tr\/index.php\/wp-json\/wp\/v2\/media?parent=2"}],"curies":[{"name":"wp","href":"https:\/\/api.w.org\/{rel}","templated":true}]}}